{"id":66,"date":"2025-11-13T14:54:29","date_gmt":"2025-11-13T14:54:29","guid":{"rendered":"http:\/\/rejsywroc.pl\/sklep\/?post_type=product&#038;p=66"},"modified":"2026-02-18T17:57:39","modified_gmt":"2026-02-18T17:57:39","slug":"party-na-odrze-blackwave","status":"publish","type":"product","link":"http:\/\/rejsywroc.pl\/sklep\/produkt\/party-na-odrze-blackwave\/","title":{"rendered":"Party BLACK WAVE"},"content":{"rendered":"<p><a href=\"https:\/\/rejsy.wroc.pl\/imprezy\/\"><strong>ZOBACZ DOST\u0118PNE WARIANTY IMPREZ NA ODRZE<\/strong><\/a><\/p>\n<p><strong>Statek o wymiarach 10 \u00d7 3,5 metra oferuje komfortow\u0105 przestrze\u0144 idealn\u0105 do organizacji imprezy. <\/strong>W \u015brodku du\u017co miejsca do ta\u0144czenia.<\/p>\n<ul>\n<li><strong>G\u00f3rny taras widokowy<\/strong> czeka s\u0142oneczna przestrze\u0144 do relaksu, z kocami na ch\u0142odniejsze wieczory (dost\u0119pny tylko od kwietnia do wrze\u015bnia).<\/li>\n<li><strong>Dolny pok\u0142ad<\/strong> to sala z panoramicznym widokiem na miasto, wyposa\u017cona w, wygodne kanapy oraz sto\u0142y.<\/li>\n<li><strong>Pok\u0142ad dziobowy<\/strong> to kameralne miejsce idealne na spokojny odpoczynek blisko wody, do delektowania si\u0119 chwil\u0105 ciszy lub prowadzenia rozm\u00f3w z dala od g\u0142\u00f3wnej cz\u0119\u015bci statku.<\/li>\n<li><strong>Rufa<\/strong> obejmuje wyznaczon\u0105 stref\u0119 dla os\u00f3b pal\u0105cych.<\/li>\n<li>Dla go\u015bci dost\u0119pna jest r\u00f3wnie\u017c toaleta.<\/li>\n<\/ul>\n<ul>\n<li>\n<div class=\"ql-block\" data-block-id=\"block-1dde172f-74c8-4b89-950a-21f51b39ddab\"><strong>nag\u0142o\u015bnienie<\/strong> &#8211; pod\u0142\u0105czenie przez bluetooth;<\/div>\n<\/li>\n<li>\n<div class=\"ql-block\" data-block-id=\"block-1dde172f-74c8-4b89-950a-21f51b39ddab\"><\/div>\n<div class=\"ql-block\" data-block-id=\"block-48b1508d-342c-4e2b-9c62-69ed005b288a\"><strong>o\u015bwietlenie dyskotekowe<\/strong>;<\/div>\n<\/li>\n<li>\n<div class=\"ql-block\" data-block-id=\"block-48b1508d-342c-4e2b-9c62-69ed005b288a\">mo\u017cliwo\u015b\u0107 zakupu napoi;<\/div>\n<\/li>\n<\/ul>\n<div class=\"ql-block\" data-block-id=\"block-d54fb4f9-bbc5-4aeb-ad0c-698594d6882b\"><strong>Na \u017cyczenie mo\u017cliwo\u015b\u0107 zorganizowania cateringu za dodatkow\u0105 op\u0142at\u0105.<\/strong><\/div>\n<ul>\n<li>przystrojenie katamaranu od 100z\u0142<\/li>\n<li>Organizacja cateringu \u2013 od 200 z\u0142\u00a0\u00a0Pe\u0142ne menu dostosowane do Twoich preferencji: grill, przek\u0105ski, dania na ciep\u0142o, desery.<\/li>\n<li>Dodatkowa osoba do obs\u0142ugi cateringowej \u2013 70 z\u0142\/h\u00a0\u00a0Profesjonalna obs\u0142uga, serwowanie potraw i napoj\u00f3w.<\/li>\n<\/ul>\n<div class=\"ql-block\" data-block-id=\"block-c370c154-6b35-4ab3-8a29-6fe58628954d\"><strong>Jeste\u015bmy wstanie spe\u0142ni\u0107 wszystkie pa\u0144stwa oczekiwania. <\/strong><\/div>\n<div class=\"ql-block\" data-block-id=\"block-c370c154-6b35-4ab3-8a29-6fe58628954d\">Je\u017celi macie pa\u0144stwo dodatkowy pomys\u0142, zapraszam do zak\u0142adki kontakt w celu porozmawiania i wyceny pomys\u0142u. Katering, wystr\u00f3j wyceniany indywidualnie.<\/div>\n","protected":false},"excerpt":{"rendered":"<p>ZOBACZ DOST\u0118PNE WARIANTY IMPREZ NA ODRZE Statek o wymiarach 10 \u00d7 3,5 metra oferuje komfortow\u0105 przestrze\u0144 idealn\u0105 do organizacji imprezy. W \u015brodku du\u017co miejsca do ta\u0144czenia. G\u00f3rny taras widokowy czeka s\u0142oneczna przestrze\u0144 do relaksu, z kocami na ch\u0142odniejsze wieczory (dost\u0119pny tylko od kwietnia do wrze\u015bnia). Dolny pok\u0142ad to sala z panoramicznym widokiem na miasto, wyposa\u017cona [&hellip;]<\/p>\n","protected":false},"featured_media":100,"template":"","meta":[],"product_brand":[18],"product_cat":[17],"product_tag":[],"class_list":{"0":"post-66","1":"product","2":"type-product","3":"status-publish","4":"has-post-thumbnail","6":"product_brand-party-wave","7":"product_cat-party-na-odrze","9":"first","10":"instock","11":"virtual","12":"sold-individually","13":"purchasable","14":"product-type-phive_booking"},"_links":{"self":[{"href":"http:\/\/rejsywroc.pl\/sklep\/wp-json\/wp\/v2\/product\/66","targetHints":{"allow":["GET"]}}],"collection":[{"href":"http:\/\/rejsywroc.pl\/sklep\/wp-json\/wp\/v2\/product"}],"about":[{"href":"http:\/\/rejsywroc.pl\/sklep\/wp-json\/wp\/v2\/types\/product"}],"wp:featuredmedia":[{"embeddable":true,"href":"http:\/\/rejsywroc.pl\/sklep\/wp-json\/wp\/v2\/media\/100"}],"wp:attachment":[{"href":"http:\/\/rejsywroc.pl\/sklep\/wp-json\/wp\/v2\/media?parent=66"}],"wp:term":[{"taxonomy":"product_brand","embeddable":true,"href":"http:\/\/rejsywroc.pl\/sklep\/wp-json\/wp\/v2\/product_brand?post=66"},{"taxonomy":"product_cat","embeddable":true,"href":"http:\/\/rejsywroc.pl\/sklep\/wp-json\/wp\/v2\/product_cat?post=66"},{"taxonomy":"product_tag","embeddable":true,"href":"http:\/\/rejsywroc.pl\/sklep\/wp-json\/wp\/v2\/product_tag?post=66"}],"curies":[{"name":"wp","href":"https:\/\/api.w.org\/{rel}","templated":true}]}}