{"id":65,"date":"2025-11-13T14:47:41","date_gmt":"2025-11-13T14:47:41","guid":{"rendered":"http:\/\/rejsywroc.pl\/sklep\/?post_type=product&#038;p=65"},"modified":"2026-02-18T18:31:28","modified_gmt":"2026-02-18T18:31:28","slug":"voucher-rejs-po-odrze-45","status":"publish","type":"product","link":"http:\/\/rejsywroc.pl\/sklep\/produkt\/voucher-rejs-po-odrze-45\/","title":{"rendered":"VOUCHER Rejs 45&#8243;"},"content":{"rendered":"<h3 class=\"ql-heading ql-show-draggable-anchor\" data-block-id=\"block-788f6b07-c6a0-46c6-9db8-88a548b04cca\" data-collapse-state=\"expanded\">\ud83c\udf0a<strong> Rejs po Starym Mie\u015bcie we Wroc\u0142awiu \u2013 45 minut niezapomnianych widok\u00f3w!<\/strong><\/h3>\n<div class=\"ql-block\" data-block-id=\"block-668af2ee-363b-4537-b4d7-fe73e2754be9\"><strong>Poznaj Wroc\u0142aw z zupe\u0142nie nowej perspektywy \u2013 prosto z pok\u0142adu naszych katamaran\u00f3w!<\/strong><\/div>\n<div class=\"ql-block\" data-block-id=\"block-1d4f2d58-7ec5-4a55-b2f5-b004114d924f\">Zostaw zgie\u0142k miasta na brzegu i wybierz si\u0119 w\u00a0<strong>45-minutowy rejs po Odrze<\/strong>, podczas kt\u00f3rego odkryjesz\u00a0<strong>najpi\u0119kniejsze zak\u0105tki Starego Miasta<\/strong>.<\/div>\n<div class=\"ql-block\" data-block-id=\"block-ee847dce-9e61-4912-aa68-ea7f9858eb6d\">Podziwiaj\u00a0<strong>krasnoludka Pracza Odrza\u0144skiego<\/strong>,\u00a0<strong>Most Tumski<\/strong>,\u00a0<strong>Ostr\u00f3w Tumski<\/strong>,\u00a0<strong>Uniwersytet Wroc\u0142awski<\/strong>\u00a0i liczne zabytkowe mosty, dzi\u0119ki kt\u00f3rym Wroc\u0142aw nazywany jest\u00a0<em>miastem stu most\u00f3w<\/em>.<\/div>\n<div class=\"ql-block\" data-block-id=\"block-843f3f2d-0962-4c72-b692-c5b350a006e0\">Przep\u0142yniemy pod najni\u017cszymi mostami i przez w\u0105skie kana\u0142y \u2013\u00a0<strong>tam, gdzie du\u017ce statki nie p\u0142ywaj\u0105 i nie maj\u0105 wst\u0119pu<\/strong>.<\/div>\n<h4 class=\"ql-heading\" data-block-id=\"block-e9c9e3e2-7a6b-4968-906d-2780f71c5772\" data-collapse-state=\"expanded\"><strong>Dlaczego warto wybra\u0107 Party Wave?<\/strong><\/h4>\n<div class=\"ql-block\" data-block-id=\"block-f8bacc04-4fe1-495c-94b9-18c7bfa27062\">\ud83d\udea4 P\u0142ywamy\u00a0<strong>ma\u0142ymi, nowoczesnymi i komfortowymi katamaranami<\/strong>, kt\u00f3re docieraj\u0105 tam, gdzie du\u017ce jednostki nie mog\u0105 si\u0119 zmie\u015bci\u0107.<\/div>\n<div class=\"ql-block\" data-block-id=\"block-0b804748-d65a-4568-b4d9-51baa5377488\">\ud83d\udc68\u200d\u2708\ufe0f Dbamy o Tw\u00f3j komfort \u2013 ka\u017cdy rejs to\u00a0<strong>kameralna atmosfera<\/strong>\u00a0(maksymalnie 12 os\u00f3b na pok\u0142adzie).<\/div>\n<div class=\"ql-block\" data-block-id=\"block-f41178bd-9c35-4230-a68a-806d15810dbc\">\ud83d\udd25\u00a0<strong>U nas zawsze jest ciep\u0142o!<\/strong>\u00a0W sezonie jesienno-zimowym nasze katamarany s\u0105\u00a0<strong>ogrzewane i w pe\u0142ni zabudowane<\/strong>, wi\u0119c\u00a0<strong>nie wieje, nie pada i mo\u017cna podziwia\u0107 widoki w przyjemnym cieple<\/strong>.<\/div>\n<div class=\"ql-block\" data-block-id=\"block-69634bb7-7b45-4017-927d-2d47d2f52460\">\u267f Zapraszamy wszystkich bez ogranicze\u0144 \u2013\u00a0<strong>osoby z niepe\u0142nosprawno\u015bciami, rodziny z dzie\u0107mi i w\u00f3zkami<\/strong>. Nasze jednostki s\u0105 w pe\u0142ni\u00a0<strong>przystosowane do w\u00f3zk\u00f3w inwalidzkich<\/strong>.<\/div>\n<div class=\"ql-block\" data-block-id=\"block-d6fdf751-9a11-4f08-8032-58781435cf43\">\ud83c\udf07 Gwarantujemy\u00a0<strong>najpi\u0119kniejsze widoki na Stare Miasto<\/strong>\u00a0i jego architektoniczne pere\u0142ki.<\/div>\n<div class=\"ql-block\" data-block-id=\"block-fd9c96d5-42fa-48fa-8290-208d4e78ddb8\">\ud83e\udd42 Na pok\u0142adzie dost\u0119pne s\u0105\u00a0<strong>napoje<\/strong>, kt\u00f3re umil\u0105 podr\u00f3\u017c.<\/div>\n<div class=\"ql-block\" data-block-id=\"block-8a2125c8-88c6-411d-bcb1-df90ef7c86cd\">\ud83c\udfb6 W tle rozbrzmiewa\u00a0<strong>nastrojowa muzyka<\/strong>,<\/div>\n<div class=\"ql-block\" data-block-id=\"block-a503f4e0-0cf4-491a-ba01-ddc9fb901c00\">\ud83c\udfa4 nasi\u00a0<strong>sternicy-przewodnicy<\/strong>\u00a0dziel\u0105 si\u0119 ciekawostkami o mie\u015bcie i rzece Odrze.<\/div>\n<div class=\"ql-block\" data-block-id=\"block-09d106e2-7d32-4a9d-8af4-f0c2cb4b6eff\">\ud83c\udfa7 Dost\u0119pny jest r\u00f3wnie\u017c\u00a0<strong>audioprzewodnik PL\/ENG<\/strong>.<\/div>\n<div class=\"ql-block\" data-block-id=\"block-4b363b0d-b19a-4bff-b329-c0e67ac91fb9\">\ud83d\udcf8 To idealne miejsce na\u00a0<strong>zdj\u0119cia z rejsu<\/strong>, szczeg\u00f3lnie o\u00a0<strong>zachodzie s\u0142o\u0144ca<\/strong>!<\/div>\n<div class=\"ql-block\" data-block-id=\"block-3f3a1a47-367b-4c81-a7c2-4aaa5b6c81a9\">To doskona\u0142y pomys\u0142 na\u00a0<strong>romantyczny wiecz\u00f3r, rodzinny spacer po wodzie<\/strong>\u00a0lub\u00a0<strong>spotkanie z przyjaci\u00f3\u0142mi<\/strong>.<\/div>\n<div class=\"ql-block\" data-block-id=\"block-4b10116a-3760-47c1-8c64-0fb9ff2c67df\">Wsi\u0105d\u017a na pok\u0142ad\u00a0<strong>Party Wave<\/strong>\u00a0i pozw\u00f3l, by\u00a0<strong>Odra opowiedzia\u0142a Ci histori\u0119 Wroc\u0142awia\u2026<\/strong><\/div>\n<div class=\"ql-block\" data-block-id=\"block-a9a4db75-eb0d-4e75-b268-5dcee555aea1\">\n<p>\ud83c\udf9f\ufe0f\u00a0<strong>Kup bilet ju\u017c dzi\u015b i prze\u017cyj Wroc\u0142aw tak, jak jeszcze go nie widzia\u0142e\u015b!<\/strong><\/p>\n<p>&nbsp;<\/p>\n<\/div>\n<div class=\"ql-block\" data-block-id=\"block-d71ff802-1e82-44f7-8d76-a64150d3c106\">Start z przystani Amfiteatralnej : Bulwar Xawerego Dunikowskiego we Wroc\u0142awiu.<\/div>\n<div class=\"ql-block\" data-block-id=\"block-543dfd2a-5bcf-45e6-8b22-8d25175c1e09\">Trasa naszych rejs\u00f3w i mijane obiekty:<\/div>\n<div class=\"ql-block\" data-block-id=\"block-351057b5-738b-497a-81a7-2a34b7dbdc2f\">START REJSU : Bulwar Xawerego Dunikowskiego -&gt; Hala Targowa -&gt; Krasnoludek Pracz Odrza\u0144ski -&gt; Most piaskowy -&gt; Wyspa Daliowa -&gt; Ossolineum -&gt; Wyspa Tamka -&gt; Most \u015aw. Macieja -&gt; Mosty Uniwersyteckie -&gt; Uniwersytet Wroc\u0142awski -&gt; Nowoczesne apartamenty -&gt; Areszt Militarny -&gt; Wyspa S\u0142odowa -&gt; K\u0142adka s\u0142odowa -&gt; M\u0142yn Maria -&gt; Przepust Klary -&gt; Wyspa M\u0142y\u0144ska &#8211; &gt; Wyspa Bielarska -&gt; Mosty M\u0142y\u0144skie -&gt; Wyspa Piasek -&gt; Ko\u015bci\u00f3\u0142 NMP na Piasku -&gt; Mostek Mi\u0142o\u015bci ( tumski) -&gt; Ostr\u00f3w Tumski -&gt; Katedra Wroc\u0142awska -&gt; Ogrody biskupie -&gt; Biblioteka archidiecezjalna -&gt; Muzeum narodowe -&gt; Most Pokoju -&gt; Urz\u0105d wojew\u00f3dzki -&gt; Biblioteka Uniwersytecka -&gt; Wroc\u0142awski Manhattan -&gt; Most Grunwaldzki -&gt; domy na wodzie -&gt; wie\u017ca ci\u015bnie\u0144 &#8211; &gt; kolejka gondolowa \u201ePolinka\u201d -&gt; gmach Politechniki Wroc\u0142awskiej -&gt; \u015aluza Szczytniki -&gt; Hala stulecia (ludowa)&#8211; KONIEC REJSU: Bulwar Xawerego Dunikowskiego.<\/div>\n","protected":false},"excerpt":{"rendered":"<p class=\"ql-heading ql-show-draggable-anchor\" data-block-id=\"block-788f6b07-c6a0-46c6-9db8-88a548b04cca\" data-collapse-state=\"expanded\">KOD VOUCHERA wprowad\u017a na ekranie Koszyka (pole Dodaj Kupony) po dodaniu do niego rezerwacji.<\/p>\n","protected":false},"featured_media":102,"template":"","meta":[],"product_brand":[18],"product_cat":[23],"product_tag":[],"class_list":{"0":"post-65","1":"product","2":"type-product","3":"status-publish","4":"has-post-thumbnail","6":"product_brand-party-wave","7":"product_cat-vouchery","9":"first","10":"instock","11":"virtual","12":"sold-individually","13":"purchasable","14":"product-type-phive_booking"},"_links":{"self":[{"href":"http:\/\/rejsywroc.pl\/sklep\/wp-json\/wp\/v2\/product\/65","targetHints":{"allow":["GET"]}}],"collection":[{"href":"http:\/\/rejsywroc.pl\/sklep\/wp-json\/wp\/v2\/product"}],"about":[{"href":"http:\/\/rejsywroc.pl\/sklep\/wp-json\/wp\/v2\/types\/product"}],"wp:featuredmedia":[{"embeddable":true,"href":"http:\/\/rejsywroc.pl\/sklep\/wp-json\/wp\/v2\/media\/102"}],"wp:attachment":[{"href":"http:\/\/rejsywroc.pl\/sklep\/wp-json\/wp\/v2\/media?parent=65"}],"wp:term":[{"taxonomy":"product_brand","embeddable":true,"href":"http:\/\/rejsywroc.pl\/sklep\/wp-json\/wp\/v2\/product_brand?post=65"},{"taxonomy":"product_cat","embeddable":true,"href":"http:\/\/rejsywroc.pl\/sklep\/wp-json\/wp\/v2\/product_cat?post=65"},{"taxonomy":"product_tag","embeddable":true,"href":"http:\/\/rejsywroc.pl\/sklep\/wp-json\/wp\/v2\/product_tag?post=65"}],"curies":[{"name":"wp","href":"https:\/\/api.w.org\/{rel}","templated":true}]}}